{"id":639,"date":"2025-12-16T19:13:44","date_gmt":"2025-12-16T18:13:44","guid":{"rendered":"https:\/\/lesoraclesk.com\/?post_type=product&#038;p=639"},"modified":"2025-12-16T19:23:16","modified_gmt":"2025-12-16T18:23:16","slug":"funy-lenormand","status":"publish","type":"product","link":"https:\/\/lesoraclesk.com\/index.php\/produit\/funy-lenormand\/","title":{"rendered":"Funy Lenormand"},"content":{"rendered":"\t\t<div data-elementor-type=\"wp-post\" data-elementor-id=\"639\" class=\"elementor elementor-639\">\n\t\t\t\t<div class=\"elementor-element elementor-element-52f1f1bf e-flex e-con-boxed e-con e-parent\" data-id=\"52f1f1bf\" data-element_type=\"container\">\n\t\t\t\t\t<div class=\"e-con-inner\">\n\t\t\t\t<div class=\"elementor-element elementor-element-562b8e2f elementor-widget elementor-widget-text-editor\" data-id=\"562b8e2f\" data-element_type=\"widget\" data-widget_type=\"text-editor.default\">\n\t\t\t\t<div class=\"elementor-widget-container\">\n\t\t\t<style>\/*! elementor - v3.21.0 - 26-05-2024 *\/\n.elementor-widget-text-editor.elementor-drop-cap-view-stacked .elementor-drop-cap{background-color:#69727d;color:#fff}.elementor-widget-text-editor.elementor-drop-cap-view-framed .elementor-drop-cap{color:#69727d;border:3px solid;background-color:transparent}.elementor-widget-text-editor:not(.elementor-drop-cap-view-default) .elementor-drop-cap{margin-top:8px}.elementor-widget-text-editor:not(.elementor-drop-cap-view-default) .elementor-drop-cap-letter{width:1em;height:1em}.elementor-widget-text-editor .elementor-drop-cap{float:left;text-align:center;line-height:1;font-size:50px}.elementor-widget-text-editor .elementor-drop-cap-letter{display:inline-block}<\/style>\t\t\t\t<p>Naviguez dans un monde color\u00e9 et enfantin avec notre tout nouveau bijou divinatoire : &#8220;Funy Lenormand&#8221; , con\u00e7u pour illuminer vos questions\u00a0 avec des illustrations vibrantes et de beaux\u00a0 messages. Que vous soyez \u00e0 la recherche de r\u00e9ponses, de r\u00e9confort ou simplement d&#8217;un moment ludique\u00a0 &#8220;Funy Lenormand&#8221; vous offre un guide tendre et amusant pour \u00e9clairer votre chemin. Format 80&#215;110 mm livr\u00e9 dans son \u00e9tui.<\/p>\t\t\t\t\t\t<\/div>\n\t\t\t\t<\/div>\n\t\t\t\t\t<\/div>\n\t\t\t\t<\/div>\n\t\t\t\t<\/div>\n\t\t","protected":false},"excerpt":{"rendered":"<p>Funy Lenormand<br \/>\nLe Funy Lenormand format 70&#215;100 mm livr\u00e9 dans son \u00e9tui, est une version color\u00e9e et joyeuse du fameux oracle de Madame Lenormand, il est simple d&#8217;acc\u00e8s gr\u00e2ce \u00e0 ses mots cl\u00e9s et ses illustrations simples et explicites.<\/p>\n<p>Une mani\u00e8re joyeuse et ludique de trouver les r\u00e9ponses \u00e0 vos questionnements.<\/p>\n<p>&nbsp;<\/p>\n","protected":false},"featured_media":626,"comment_status":"closed","ping_status":"closed","template":"","meta":{"site-sidebar-layout":"default","site-content-layout":"","ast-site-content-layout":"default","site-content-style":"default","site-sidebar-style":"default","ast-global-header-display":"","ast-banner-title-visibility":"","ast-main-header-display":"","ast-hfb-above-header-display":"","ast-hfb-below-header-display":"","ast-hfb-mobile-header-display":"","site-post-title":"","ast-breadcrumbs-content":"","ast-featured-img":"","footer-sml-layout":"","theme-transparent-header-meta":"default","adv-header-id-meta":"","stick-header-meta":"","header-above-stick-meta":"","header-main-stick-meta":"","header-below-stick-meta":"","astra-migrate-meta-layouts":"set","ast-page-background-enabled":"default","ast-page-background-meta":{"desktop":{"background-color":"var(--ast-global-color-4)","background-image":"","background-repeat":"repeat","background-position":"center center","background-size":"auto","background-attachment":"scroll","background-type":"","background-media":"","overlay-type":"","overlay-color":"","overlay-gradient":""},"tablet":{"background-color":"","background-image":"","background-repeat":"repeat","background-position":"center center","background-size":"auto","background-attachment":"scroll","background-type":"","background-media":"","overlay-type":"","overlay-color":"","overlay-gradient":""},"mobile":{"background-color":"","background-image":"","background-repeat":"repeat","background-position":"center center","background-size":"auto","background-attachment":"scroll","background-type":"","background-media":"","overlay-type":"","overlay-color":"","overlay-gradient":""}},"ast-content-background-meta":{"desktop":{"background-color":"var(--ast-global-color-5)","background-image":"","background-repeat":"repeat","background-position":"center center","background-size":"auto","background-attachment":"scroll","background-type":"","background-media":"","overlay-type":"","overlay-color":"","overlay-gradient":""},"tablet":{"background-color":"var(--ast-global-color-5)","background-image":"","background-repeat":"repeat","background-position":"center center","background-size":"auto","background-attachment":"scroll","background-type":"","background-media":"","overlay-type":"","overlay-color":"","overlay-gradient":""},"mobile":{"background-color":"var(--ast-global-color-5)","background-image":"","background-repeat":"repeat","background-position":"center center","background-size":"auto","background-attachment":"scroll","background-type":"","background-media":"","overlay-type":"","overlay-color":"","overlay-gradient":""}}},"product_cat":[20],"product_tag":[27,28,29],"class_list":{"0":"post-639","1":"product","2":"type-product","3":"status-publish","4":"has-post-thumbnail","6":"product_cat-oracles","7":"product_tag-autoedite","8":"product_tag-autoedition","9":"product_tag-unique","10":"desktop-align-left","11":"tablet-align-left","12":"mobile-align-left","14":"first","15":"instock","16":"shipping-taxable","17":"purchasable","18":"product-type-simple"},"yoast_head":"<!-- This site is optimized with the Yoast SEO plugin v22.8 - https:\/\/yoast.com\/wordpress\/plugins\/seo\/ -->\n<title>Oracle &quot;Funy Lenormand&quot; de Karen Hervo<\/title>\n<meta name=\"description\" content=\"Oracle &quot;Funy Lenormand&quot; de Karen Hervo une version color\u00e9e et joyeuse du fameux oracle de Madame Lenormand,\" \/>\n<meta name=\"robots\" content=\"index, follow, max-snippet:-1, max-image-preview:large, max-video-preview:-1\" \/>\n<link rel=\"canonical\" href=\"https:\/\/lesoraclesk.com\/index.php\/produit\/funy-lenormand\/\" \/>\n<meta property=\"og:locale\" content=\"fr_FR\" \/>\n<meta property=\"og:type\" content=\"article\" \/>\n<meta property=\"og:title\" content=\"Oracle &quot;Funy Lenormand&quot; de Karen Hervo\" \/>\n<meta property=\"og:description\" content=\"Oracle &quot;Funy Lenormand&quot; de Karen Hervo une version color\u00e9e et joyeuse du fameux oracle de Madame Lenormand,\" \/>\n<meta property=\"og:url\" content=\"https:\/\/lesoraclesk.com\/index.php\/produit\/funy-lenormand\/\" \/>\n<meta property=\"article:modified_time\" content=\"2025-12-16T18:23:16+00:00\" \/>\n<meta property=\"og:image\" content=\"http:\/\/lesoraclesk.com\/wp-content\/uploads\/2025\/12\/funny-scaled.jpg\" \/>\n\t<meta property=\"og:image:width\" content=\"2560\" \/>\n\t<meta property=\"og:image:height\" content=\"1672\" \/>\n\t<meta property=\"og:image:type\" content=\"image\/jpeg\" \/>\n<meta name=\"twitter:card\" content=\"summary_large_image\" \/>\n<meta name=\"twitter:label1\" content=\"Dur\u00e9e de lecture estim\u00e9e\" \/>\n\t<meta name=\"twitter:data1\" content=\"1 minute\" \/>\n<script type=\"application\/ld+json\" class=\"yoast-schema-graph\">{\"@context\":\"https:\/\/schema.org\",\"@graph\":[{\"@type\":\"WebPage\",\"@id\":\"https:\/\/lesoraclesk.com\/index.php\/produit\/funy-lenormand\/\",\"url\":\"https:\/\/lesoraclesk.com\/index.php\/produit\/funy-lenormand\/\",\"name\":\"Oracle \\\"Funy Lenormand\\\" de Karen Hervo\",\"isPartOf\":{\"@id\":\"https:\/\/lesoraclesk.com\/#website\"},\"primaryImageOfPage\":{\"@id\":\"https:\/\/lesoraclesk.com\/index.php\/produit\/funy-lenormand\/#primaryimage\"},\"image\":{\"@id\":\"https:\/\/lesoraclesk.com\/index.php\/produit\/funy-lenormand\/#primaryimage\"},\"thumbnailUrl\":\"https:\/\/lesoraclesk.com\/wp-content\/uploads\/2025\/12\/funny-scaled.jpg\",\"datePublished\":\"2025-12-16T18:13:44+00:00\",\"dateModified\":\"2025-12-16T18:23:16+00:00\",\"description\":\"Oracle \\\"Funy Lenormand\\\" de Karen Hervo une version color\u00e9e et joyeuse du fameux oracle de Madame Lenormand,\",\"breadcrumb\":{\"@id\":\"https:\/\/lesoraclesk.com\/index.php\/produit\/funy-lenormand\/#breadcrumb\"},\"inLanguage\":\"fr-FR\",\"potentialAction\":[{\"@type\":\"ReadAction\",\"target\":[\"https:\/\/lesoraclesk.com\/index.php\/produit\/funy-lenormand\/\"]}]},{\"@type\":\"ImageObject\",\"inLanguage\":\"fr-FR\",\"@id\":\"https:\/\/lesoraclesk.com\/index.php\/produit\/funy-lenormand\/#primaryimage\",\"url\":\"https:\/\/lesoraclesk.com\/wp-content\/uploads\/2025\/12\/funny-scaled.jpg\",\"contentUrl\":\"https:\/\/lesoraclesk.com\/wp-content\/uploads\/2025\/12\/funny-scaled.jpg\",\"width\":2560,\"height\":1672,\"caption\":\"funy lenormand\"},{\"@type\":\"BreadcrumbList\",\"@id\":\"https:\/\/lesoraclesk.com\/index.php\/produit\/funy-lenormand\/#breadcrumb\",\"itemListElement\":[{\"@type\":\"ListItem\",\"position\":1,\"name\":\"Accueil\",\"item\":\"https:\/\/lesoraclesk.com\/\"},{\"@type\":\"ListItem\",\"position\":2,\"name\":\"Boutique\",\"item\":\"https:\/\/lesoraclesk.com\/index.php\/boutique-les-oracles-k\/\"},{\"@type\":\"ListItem\",\"position\":3,\"name\":\"Funy Lenormand\"}]},{\"@type\":\"WebSite\",\"@id\":\"https:\/\/lesoraclesk.com\/#website\",\"url\":\"https:\/\/lesoraclesk.com\/\",\"name\":\"\",\"description\":\"Cr\u00e9atrice d&#039;oracles\",\"potentialAction\":[{\"@type\":\"SearchAction\",\"target\":{\"@type\":\"EntryPoint\",\"urlTemplate\":\"https:\/\/lesoraclesk.com\/?s={search_term_string}\"},\"query-input\":\"required name=search_term_string\"}],\"inLanguage\":\"fr-FR\"}]}<\/script>\n<!-- \/ Yoast SEO plugin. -->","yoast_head_json":{"title":"Oracle \"Funy Lenormand\" de Karen Hervo","description":"Oracle \"Funy Lenormand\" de Karen Hervo une version color\u00e9e et joyeuse du fameux oracle de Madame Lenormand,","robots":{"index":"index","follow":"follow","max-snippet":"max-snippet:-1","max-image-preview":"max-image-preview:large","max-video-preview":"max-video-preview:-1"},"canonical":"https:\/\/lesoraclesk.com\/index.php\/produit\/funy-lenormand\/","og_locale":"fr_FR","og_type":"article","og_title":"Oracle \"Funy Lenormand\" de Karen Hervo","og_description":"Oracle \"Funy Lenormand\" de Karen Hervo une version color\u00e9e et joyeuse du fameux oracle de Madame Lenormand,","og_url":"https:\/\/lesoraclesk.com\/index.php\/produit\/funy-lenormand\/","article_modified_time":"2025-12-16T18:23:16+00:00","og_image":[{"width":2560,"height":1672,"url":"http:\/\/lesoraclesk.com\/wp-content\/uploads\/2025\/12\/funny-scaled.jpg","type":"image\/jpeg"}],"twitter_card":"summary_large_image","twitter_misc":{"Dur\u00e9e de lecture estim\u00e9e":"1 minute"},"schema":{"@context":"https:\/\/schema.org","@graph":[{"@type":"WebPage","@id":"https:\/\/lesoraclesk.com\/index.php\/produit\/funy-lenormand\/","url":"https:\/\/lesoraclesk.com\/index.php\/produit\/funy-lenormand\/","name":"Oracle \"Funy Lenormand\" de Karen Hervo","isPartOf":{"@id":"https:\/\/lesoraclesk.com\/#website"},"primaryImageOfPage":{"@id":"https:\/\/lesoraclesk.com\/index.php\/produit\/funy-lenormand\/#primaryimage"},"image":{"@id":"https:\/\/lesoraclesk.com\/index.php\/produit\/funy-lenormand\/#primaryimage"},"thumbnailUrl":"https:\/\/lesoraclesk.com\/wp-content\/uploads\/2025\/12\/funny-scaled.jpg","datePublished":"2025-12-16T18:13:44+00:00","dateModified":"2025-12-16T18:23:16+00:00","description":"Oracle \"Funy Lenormand\" de Karen Hervo une version color\u00e9e et joyeuse du fameux oracle de Madame Lenormand,","breadcrumb":{"@id":"https:\/\/lesoraclesk.com\/index.php\/produit\/funy-lenormand\/#breadcrumb"},"inLanguage":"fr-FR","potentialAction":[{"@type":"ReadAction","target":["https:\/\/lesoraclesk.com\/index.php\/produit\/funy-lenormand\/"]}]},{"@type":"ImageObject","inLanguage":"fr-FR","@id":"https:\/\/lesoraclesk.com\/index.php\/produit\/funy-lenormand\/#primaryimage","url":"https:\/\/lesoraclesk.com\/wp-content\/uploads\/2025\/12\/funny-scaled.jpg","contentUrl":"https:\/\/lesoraclesk.com\/wp-content\/uploads\/2025\/12\/funny-scaled.jpg","width":2560,"height":1672,"caption":"funy lenormand"},{"@type":"BreadcrumbList","@id":"https:\/\/lesoraclesk.com\/index.php\/produit\/funy-lenormand\/#breadcrumb","itemListElement":[{"@type":"ListItem","position":1,"name":"Accueil","item":"https:\/\/lesoraclesk.com\/"},{"@type":"ListItem","position":2,"name":"Boutique","item":"https:\/\/lesoraclesk.com\/index.php\/boutique-les-oracles-k\/"},{"@type":"ListItem","position":3,"name":"Funy Lenormand"}]},{"@type":"WebSite","@id":"https:\/\/lesoraclesk.com\/#website","url":"https:\/\/lesoraclesk.com\/","name":"","description":"Cr\u00e9atrice d&#039;oracles","potentialAction":[{"@type":"SearchAction","target":{"@type":"EntryPoint","urlTemplate":"https:\/\/lesoraclesk.com\/?s={search_term_string}"},"query-input":"required name=search_term_string"}],"inLanguage":"fr-FR"}]}},"jetpack_sharing_enabled":true,"_links":{"self":[{"href":"https:\/\/lesoraclesk.com\/index.php\/wp-json\/wp\/v2\/product\/639","targetHints":{"allow":["GET"]}}],"collection":[{"href":"https:\/\/lesoraclesk.com\/index.php\/wp-json\/wp\/v2\/product"}],"about":[{"href":"https:\/\/lesoraclesk.com\/index.php\/wp-json\/wp\/v2\/types\/product"}],"replies":[{"embeddable":true,"href":"https:\/\/lesoraclesk.com\/index.php\/wp-json\/wp\/v2\/comments?post=639"}],"version-history":[{"count":4,"href":"https:\/\/lesoraclesk.com\/index.php\/wp-json\/wp\/v2\/product\/639\/revisions"}],"predecessor-version":[{"id":644,"href":"https:\/\/lesoraclesk.com\/index.php\/wp-json\/wp\/v2\/product\/639\/revisions\/644"}],"wp:featuredmedia":[{"embeddable":true,"href":"https:\/\/lesoraclesk.com\/index.php\/wp-json\/wp\/v2\/media\/626"}],"wp:attachment":[{"href":"https:\/\/lesoraclesk.com\/index.php\/wp-json\/wp\/v2\/media?parent=639"}],"wp:term":[{"taxonomy":"product_cat","embeddable":true,"href":"https:\/\/lesoraclesk.com\/index.php\/wp-json\/wp\/v2\/product_cat?post=639"},{"taxonomy":"product_tag","embeddable":true,"href":"https:\/\/lesoraclesk.com\/index.php\/wp-json\/wp\/v2\/product_tag?post=639"}],"curies":[{"name":"wp","href":"https:\/\/api.w.org\/{rel}","templated":true}]}}