{"id":625,"date":"2025-12-16T18:45:10","date_gmt":"2025-12-16T17:45:10","guid":{"rendered":"https:\/\/lesoraclesk.com\/?post_type=product&#038;p=625"},"modified":"2025-12-16T19:27:04","modified_gmt":"2025-12-16T18:27:04","slug":"offre-speciale-52-petit-belline","status":"publish","type":"product","link":"https:\/\/lesoraclesk.com\/index.php\/produit\/offre-speciale-52-petit-belline\/","title":{"rendered":"Offre sp\u00e9ciale 52 + petit belline"},"content":{"rendered":"\t\t<div data-elementor-type=\"wp-post\" data-elementor-id=\"625\" class=\"elementor elementor-625\">\n\t\t\t\t<div class=\"elementor-element elementor-element-4341423 e-flex e-con-boxed e-con e-parent\" data-id=\"4341423\" data-element_type=\"container\">\n\t\t\t\t\t<div class=\"e-con-inner\">\n\t\t\t\t<div class=\"elementor-element elementor-element-2af12f0c elementor-widget elementor-widget-text-editor\" data-id=\"2af12f0c\" data-element_type=\"widget\" data-widget_type=\"text-editor.default\">\n\t\t\t\t<div class=\"elementor-widget-container\">\n\t\t\t<style>\/*! elementor - v3.21.0 - 26-05-2024 *\/\n.elementor-widget-text-editor.elementor-drop-cap-view-stacked .elementor-drop-cap{background-color:#69727d;color:#fff}.elementor-widget-text-editor.elementor-drop-cap-view-framed .elementor-drop-cap{color:#69727d;border:3px solid;background-color:transparent}.elementor-widget-text-editor:not(.elementor-drop-cap-view-default) .elementor-drop-cap{margin-top:8px}.elementor-widget-text-editor:not(.elementor-drop-cap-view-default) .elementor-drop-cap-letter{width:1em;height:1em}.elementor-widget-text-editor .elementor-drop-cap{float:left;text-align:center;line-height:1;font-size:50px}.elementor-widget-text-editor .elementor-drop-cap-letter{display:inline-block}<\/style>\t\t\t\t<p>Profitez de cette opportunit\u00e9 pour d\u00e9couvrir nos nouveaux oracles originaux et color\u00e9s !<\/p>\t\t\t\t\t\t<\/div>\n\t\t\t\t<\/div>\n\t\t\t\t\t<\/div>\n\t\t\t\t<\/div>\n\t\t\t\t<\/div>\n\t\t","protected":false},"excerpt":{"rendered":"<p>Offre sp\u00e9ciale 52 + petit belline<\/p>\n<p>le 52<br \/>\nL\u2019Oracle \u201cLe Jeu de 52\u201d, une r\u00e9invention captivante du classique jeu de 52 cartes, avec des illustrations originales riches en symbolisme et en d\u00e9tails. Gr\u00e2ce \u00e0 notre syst\u00e8me de mots-cl\u00e9s intuitifs et accessibles, apprendre \u00e0 lire les cartes devient une exp\u00e9rience enrichissante et gratifiante pour les d\u00e9butants comme pour les initi\u00e9s.<\/p>\n<p>Petit Belline<br \/>\nCette r\u00e9interpr\u00e9tation du c\u00e9l\u00e8bre jeu Belline marie l\u2019essence intemporelle des arts divinatoires avec des illustrations uniques et captivantes, toutes r\u00e9alis\u00e9es avec passion et cr\u00e9ativit\u00e9. Chaque carte de cet oracle a \u00e9t\u00e9 soigneusement con\u00e7ue pour vous transporter dans un univers empreint de douceur et de myst\u00e8re, o\u00f9 chaque image raconte une histoire et chaque symbole r\u00e9sonne avec votre \u00e2me. Avec des mots-cl\u00e9s soigneusement int\u00e9gr\u00e9s comme la \u201cguidance personnalis\u00e9e\u201d, \u201cl\u2019inspiration intuitive\u201d et \u201cl\u2019\u00e9quilibre int\u00e9rieur\u201d, cet oracle est con\u00e7u pour vous accompagner dans toutes les facettes de votre vie, que ce soit pour trouver la clart\u00e9 dans les moments de doute, pour encourager la cr\u00e9ativit\u00e9 dans vos projets, ou pour nourrir votre bien-\u00eatre \u00e9motionnel et spirituel.<\/p>\n<p>Format 80\u00d780 mm livr\u00e9 dans son \u00e9tui.<\/p>\n","protected":false},"featured_media":631,"comment_status":"closed","ping_status":"closed","template":"","meta":{"site-sidebar-layout":"default","site-content-layout":"","ast-site-content-layout":"default","site-content-style":"default","site-sidebar-style":"default","ast-global-header-display":"","ast-banner-title-visibility":"","ast-main-header-display":"","ast-hfb-above-header-display":"","ast-hfb-below-header-display":"","ast-hfb-mobile-header-display":"","site-post-title":"","ast-breadcrumbs-content":"","ast-featured-img":"","footer-sml-layout":"","theme-transparent-header-meta":"default","adv-header-id-meta":"","stick-header-meta":"","header-above-stick-meta":"","header-main-stick-meta":"","header-below-stick-meta":"","astra-migrate-meta-layouts":"set","ast-page-background-enabled":"default","ast-page-background-meta":{"desktop":{"background-color":"var(--ast-global-color-4)","background-image":"","background-repeat":"repeat","background-position":"center center","background-size":"auto","background-attachment":"scroll","background-type":"","background-media":"","overlay-type":"","overlay-color":"","overlay-gradient":""},"tablet":{"background-color":"","background-image":"","background-repeat":"repeat","background-position":"center center","background-size":"auto","background-attachment":"scroll","background-type":"","background-media":"","overlay-type":"","overlay-color":"","overlay-gradient":""},"mobile":{"background-color":"","background-image":"","background-repeat":"repeat","background-position":"center center","background-size":"auto","background-attachment":"scroll","background-type":"","background-media":"","overlay-type":"","overlay-color":"","overlay-gradient":""}},"ast-content-background-meta":{"desktop":{"background-color":"var(--ast-global-color-5)","background-image":"","background-repeat":"repeat","background-position":"center center","background-size":"auto","background-attachment":"scroll","background-type":"","background-media":"","overlay-type":"","overlay-color":"","overlay-gradient":""},"tablet":{"background-color":"var(--ast-global-color-5)","background-image":"","background-repeat":"repeat","background-position":"center center","background-size":"auto","background-attachment":"scroll","background-type":"","background-media":"","overlay-type":"","overlay-color":"","overlay-gradient":""},"mobile":{"background-color":"var(--ast-global-color-5)","background-image":"","background-repeat":"repeat","background-position":"center center","background-size":"auto","background-attachment":"scroll","background-type":"","background-media":"","overlay-type":"","overlay-color":"","overlay-gradient":""}}},"product_cat":[20],"product_tag":[27,28,29],"class_list":{"0":"post-625","1":"product","2":"type-product","3":"status-publish","4":"has-post-thumbnail","6":"product_cat-oracles","7":"product_tag-autoedite","8":"product_tag-autoedition","9":"product_tag-unique","10":"desktop-align-left","11":"tablet-align-left","12":"mobile-align-left","14":"first","15":"instock","16":"shipping-taxable","17":"purchasable","18":"product-type-simple"},"yoast_head":"<!-- This site is optimized with the Yoast SEO plugin v22.8 - https:\/\/yoast.com\/wordpress\/plugins\/seo\/ -->\n<title>Offre sp\u00e9ciale 52 + petit belline<\/title>\n<meta name=\"description\" content=\"Offre sp\u00e9ciale 52 + Petit Belline pour 60 euros seulement !!!!!\" \/>\n<meta name=\"robots\" content=\"index, follow, max-snippet:-1, max-image-preview:large, max-video-preview:-1\" \/>\n<link rel=\"canonical\" href=\"https:\/\/lesoraclesk.com\/index.php\/produit\/offre-speciale-52-petit-belline\/\" \/>\n<meta property=\"og:locale\" content=\"fr_FR\" \/>\n<meta property=\"og:type\" content=\"article\" \/>\n<meta property=\"og:title\" content=\"Offre sp\u00e9ciale 52 + petit belline\" \/>\n<meta property=\"og:description\" content=\"Offre sp\u00e9ciale 52 + Petit Belline pour 60 euros seulement !!!!!\" \/>\n<meta property=\"og:url\" content=\"https:\/\/lesoraclesk.com\/index.php\/produit\/offre-speciale-52-petit-belline\/\" \/>\n<meta property=\"article:modified_time\" content=\"2025-12-16T18:27:04+00:00\" \/>\n<meta property=\"og:image\" content=\"http:\/\/lesoraclesk.com\/wp-content\/uploads\/2025\/12\/offre-speciales1-copie.jpg\" \/>\n\t<meta property=\"og:image:width\" content=\"1000\" \/>\n\t<meta property=\"og:image:height\" content=\"1000\" \/>\n\t<meta property=\"og:image:type\" content=\"image\/jpeg\" \/>\n<meta name=\"twitter:card\" content=\"summary_large_image\" \/>\n<meta name=\"twitter:label1\" content=\"Dur\u00e9e de lecture estim\u00e9e\" \/>\n\t<meta name=\"twitter:data1\" content=\"1 minute\" \/>\n<script type=\"application\/ld+json\" class=\"yoast-schema-graph\">{\"@context\":\"https:\/\/schema.org\",\"@graph\":[{\"@type\":\"WebPage\",\"@id\":\"https:\/\/lesoraclesk.com\/index.php\/produit\/offre-speciale-52-petit-belline\/\",\"url\":\"https:\/\/lesoraclesk.com\/index.php\/produit\/offre-speciale-52-petit-belline\/\",\"name\":\"Offre sp\u00e9ciale 52 + petit belline\",\"isPartOf\":{\"@id\":\"https:\/\/lesoraclesk.com\/#website\"},\"primaryImageOfPage\":{\"@id\":\"https:\/\/lesoraclesk.com\/index.php\/produit\/offre-speciale-52-petit-belline\/#primaryimage\"},\"image\":{\"@id\":\"https:\/\/lesoraclesk.com\/index.php\/produit\/offre-speciale-52-petit-belline\/#primaryimage\"},\"thumbnailUrl\":\"https:\/\/lesoraclesk.com\/wp-content\/uploads\/2025\/12\/offre-speciales1-copie.jpg\",\"datePublished\":\"2025-12-16T17:45:10+00:00\",\"dateModified\":\"2025-12-16T18:27:04+00:00\",\"description\":\"Offre sp\u00e9ciale 52 + Petit Belline pour 60 euros seulement !!!!!\",\"breadcrumb\":{\"@id\":\"https:\/\/lesoraclesk.com\/index.php\/produit\/offre-speciale-52-petit-belline\/#breadcrumb\"},\"inLanguage\":\"fr-FR\",\"potentialAction\":[{\"@type\":\"ReadAction\",\"target\":[\"https:\/\/lesoraclesk.com\/index.php\/produit\/offre-speciale-52-petit-belline\/\"]}]},{\"@type\":\"ImageObject\",\"inLanguage\":\"fr-FR\",\"@id\":\"https:\/\/lesoraclesk.com\/index.php\/produit\/offre-speciale-52-petit-belline\/#primaryimage\",\"url\":\"https:\/\/lesoraclesk.com\/wp-content\/uploads\/2025\/12\/offre-speciales1-copie.jpg\",\"contentUrl\":\"https:\/\/lesoraclesk.com\/wp-content\/uploads\/2025\/12\/offre-speciales1-copie.jpg\",\"width\":1000,\"height\":1000,\"caption\":\"52 + Belline\"},{\"@type\":\"BreadcrumbList\",\"@id\":\"https:\/\/lesoraclesk.com\/index.php\/produit\/offre-speciale-52-petit-belline\/#breadcrumb\",\"itemListElement\":[{\"@type\":\"ListItem\",\"position\":1,\"name\":\"Accueil\",\"item\":\"https:\/\/lesoraclesk.com\/\"},{\"@type\":\"ListItem\",\"position\":2,\"name\":\"Boutique\",\"item\":\"https:\/\/lesoraclesk.com\/index.php\/boutique-les-oracles-k\/\"},{\"@type\":\"ListItem\",\"position\":3,\"name\":\"Offre sp\u00e9ciale 52 + petit belline\"}]},{\"@type\":\"WebSite\",\"@id\":\"https:\/\/lesoraclesk.com\/#website\",\"url\":\"https:\/\/lesoraclesk.com\/\",\"name\":\"\",\"description\":\"Cr\u00e9atrice d&#039;oracles\",\"potentialAction\":[{\"@type\":\"SearchAction\",\"target\":{\"@type\":\"EntryPoint\",\"urlTemplate\":\"https:\/\/lesoraclesk.com\/?s={search_term_string}\"},\"query-input\":\"required name=search_term_string\"}],\"inLanguage\":\"fr-FR\"}]}<\/script>\n<!-- \/ Yoast SEO plugin. -->","yoast_head_json":{"title":"Offre sp\u00e9ciale 52 + petit belline","description":"Offre sp\u00e9ciale 52 + Petit Belline pour 60 euros seulement !!!!!","robots":{"index":"index","follow":"follow","max-snippet":"max-snippet:-1","max-image-preview":"max-image-preview:large","max-video-preview":"max-video-preview:-1"},"canonical":"https:\/\/lesoraclesk.com\/index.php\/produit\/offre-speciale-52-petit-belline\/","og_locale":"fr_FR","og_type":"article","og_title":"Offre sp\u00e9ciale 52 + petit belline","og_description":"Offre sp\u00e9ciale 52 + Petit Belline pour 60 euros seulement !!!!!","og_url":"https:\/\/lesoraclesk.com\/index.php\/produit\/offre-speciale-52-petit-belline\/","article_modified_time":"2025-12-16T18:27:04+00:00","og_image":[{"width":1000,"height":1000,"url":"http:\/\/lesoraclesk.com\/wp-content\/uploads\/2025\/12\/offre-speciales1-copie.jpg","type":"image\/jpeg"}],"twitter_card":"summary_large_image","twitter_misc":{"Dur\u00e9e de lecture estim\u00e9e":"1 minute"},"schema":{"@context":"https:\/\/schema.org","@graph":[{"@type":"WebPage","@id":"https:\/\/lesoraclesk.com\/index.php\/produit\/offre-speciale-52-petit-belline\/","url":"https:\/\/lesoraclesk.com\/index.php\/produit\/offre-speciale-52-petit-belline\/","name":"Offre sp\u00e9ciale 52 + petit belline","isPartOf":{"@id":"https:\/\/lesoraclesk.com\/#website"},"primaryImageOfPage":{"@id":"https:\/\/lesoraclesk.com\/index.php\/produit\/offre-speciale-52-petit-belline\/#primaryimage"},"image":{"@id":"https:\/\/lesoraclesk.com\/index.php\/produit\/offre-speciale-52-petit-belline\/#primaryimage"},"thumbnailUrl":"https:\/\/lesoraclesk.com\/wp-content\/uploads\/2025\/12\/offre-speciales1-copie.jpg","datePublished":"2025-12-16T17:45:10+00:00","dateModified":"2025-12-16T18:27:04+00:00","description":"Offre sp\u00e9ciale 52 + Petit Belline pour 60 euros seulement !!!!!","breadcrumb":{"@id":"https:\/\/lesoraclesk.com\/index.php\/produit\/offre-speciale-52-petit-belline\/#breadcrumb"},"inLanguage":"fr-FR","potentialAction":[{"@type":"ReadAction","target":["https:\/\/lesoraclesk.com\/index.php\/produit\/offre-speciale-52-petit-belline\/"]}]},{"@type":"ImageObject","inLanguage":"fr-FR","@id":"https:\/\/lesoraclesk.com\/index.php\/produit\/offre-speciale-52-petit-belline\/#primaryimage","url":"https:\/\/lesoraclesk.com\/wp-content\/uploads\/2025\/12\/offre-speciales1-copie.jpg","contentUrl":"https:\/\/lesoraclesk.com\/wp-content\/uploads\/2025\/12\/offre-speciales1-copie.jpg","width":1000,"height":1000,"caption":"52 + Belline"},{"@type":"BreadcrumbList","@id":"https:\/\/lesoraclesk.com\/index.php\/produit\/offre-speciale-52-petit-belline\/#breadcrumb","itemListElement":[{"@type":"ListItem","position":1,"name":"Accueil","item":"https:\/\/lesoraclesk.com\/"},{"@type":"ListItem","position":2,"name":"Boutique","item":"https:\/\/lesoraclesk.com\/index.php\/boutique-les-oracles-k\/"},{"@type":"ListItem","position":3,"name":"Offre sp\u00e9ciale 52 + petit belline"}]},{"@type":"WebSite","@id":"https:\/\/lesoraclesk.com\/#website","url":"https:\/\/lesoraclesk.com\/","name":"","description":"Cr\u00e9atrice d&#039;oracles","potentialAction":[{"@type":"SearchAction","target":{"@type":"EntryPoint","urlTemplate":"https:\/\/lesoraclesk.com\/?s={search_term_string}"},"query-input":"required name=search_term_string"}],"inLanguage":"fr-FR"}]}},"jetpack_sharing_enabled":true,"_links":{"self":[{"href":"https:\/\/lesoraclesk.com\/index.php\/wp-json\/wp\/v2\/product\/625","targetHints":{"allow":["GET"]}}],"collection":[{"href":"https:\/\/lesoraclesk.com\/index.php\/wp-json\/wp\/v2\/product"}],"about":[{"href":"https:\/\/lesoraclesk.com\/index.php\/wp-json\/wp\/v2\/types\/product"}],"replies":[{"embeddable":true,"href":"https:\/\/lesoraclesk.com\/index.php\/wp-json\/wp\/v2\/comments?post=625"}],"version-history":[{"count":5,"href":"https:\/\/lesoraclesk.com\/index.php\/wp-json\/wp\/v2\/product\/625\/revisions"}],"predecessor-version":[{"id":650,"href":"https:\/\/lesoraclesk.com\/index.php\/wp-json\/wp\/v2\/product\/625\/revisions\/650"}],"wp:featuredmedia":[{"embeddable":true,"href":"https:\/\/lesoraclesk.com\/index.php\/wp-json\/wp\/v2\/media\/631"}],"wp:attachment":[{"href":"https:\/\/lesoraclesk.com\/index.php\/wp-json\/wp\/v2\/media?parent=625"}],"wp:term":[{"taxonomy":"product_cat","embeddable":true,"href":"https:\/\/lesoraclesk.com\/index.php\/wp-json\/wp\/v2\/product_cat?post=625"},{"taxonomy":"product_tag","embeddable":true,"href":"https:\/\/lesoraclesk.com\/index.php\/wp-json\/wp\/v2\/product_tag?post=625"}],"curies":[{"name":"wp","href":"https:\/\/api.w.org\/{rel}","templated":true}]}}