{"id":190,"date":"2024-05-17T16:49:01","date_gmt":"2024-05-17T14:49:01","guid":{"rendered":"https:\/\/lesoraclesk.com\/?post_type=product&#038;p=190"},"modified":"2025-06-12T17:51:57","modified_gmt":"2025-06-12T15:51:57","slug":"le-jeu-de-32-de-karen-hervo","status":"publish","type":"product","link":"https:\/\/lesoraclesk.com\/index.php\/produit\/le-jeu-de-32-de-karen-hervo\/","title":{"rendered":"Le jeu de 32"},"content":{"rendered":"<p>&#8220;Le Jeu de 32&#8221;, une r\u00e9invention du classique jeu de 32 cartes. Avec des illustrations personnelles riches en symbolisme et en d\u00e9tails. Plongez dans quatre univers pour mieux distinguer les familles de cartes : \u00c9gyptienne, Gr\u00e8ce ancienne, Indienne et Nordique. Chaque univers est riche en symbolisme et en histoire, offrant une exp\u00e9rience divinatoire unique et captivante. Explorez ces mondes mystiques et laissez-vous guider par la sagesse ancestrale de chaque civilisation.Gr\u00e2ce au syst\u00e8me de mots-cl\u00e9s intuitifs et faciles \u00e0 comprendre, apprendre \u00e0 lire les cartes devient un jeu d&#8217;enfant.<\/p>\n<p>Format 70&#215;100 mm livr\u00e9 dans son \u00e9tui personnalis\u00e9.<\/p>\n","protected":false},"excerpt":{"rendered":"<p>Le jeu de &#8220;32&#8221; .<br \/>\nFormat 70&#215;100 mm livr\u00e9 dans son \u00e9tui personnalis\u00e9.<\/p>\n","protected":false},"featured_media":191,"comment_status":"closed","ping_status":"closed","template":"","meta":{"site-sidebar-layout":"default","site-content-layout":"","ast-site-content-layout":"default","site-content-style":"default","site-sidebar-style":"default","ast-global-header-display":"","ast-banner-title-visibility":"","ast-main-header-display":"","ast-hfb-above-header-display":"","ast-hfb-below-header-display":"","ast-hfb-mobile-header-display":"","site-post-title":"","ast-breadcrumbs-content":"","ast-featured-img":"","footer-sml-layout":"","theme-transparent-header-meta":"default","adv-header-id-meta":"","stick-header-meta":"","header-above-stick-meta":"","header-main-stick-meta":"","header-below-stick-meta":"","astra-migrate-meta-layouts":"set","ast-page-background-enabled":"default","ast-page-background-meta":{"desktop":{"background-color":"var(--ast-global-color-4)","background-image":"","background-repeat":"repeat","background-position":"center center","background-size":"auto","background-attachment":"scroll","background-type":"","background-media":"","overlay-type":"","overlay-color":"","overlay-gradient":""},"tablet":{"background-color":"","background-image":"","background-repeat":"repeat","background-position":"center center","background-size":"auto","background-attachment":"scroll","background-type":"","background-media":"","overlay-type":"","overlay-color":"","overlay-gradient":""},"mobile":{"background-color":"","background-image":"","background-repeat":"repeat","background-position":"center center","background-size":"auto","background-attachment":"scroll","background-type":"","background-media":"","overlay-type":"","overlay-color":"","overlay-gradient":""}},"ast-content-background-meta":{"desktop":{"background-color":"var(--ast-global-color-5)","background-image":"","background-repeat":"repeat","background-position":"center center","background-size":"auto","background-attachment":"scroll","background-type":"","background-media":"","overlay-type":"","overlay-color":"","overlay-gradient":""},"tablet":{"background-color":"var(--ast-global-color-5)","background-image":"","background-repeat":"repeat","background-position":"center center","background-size":"auto","background-attachment":"scroll","background-type":"","background-media":"","overlay-type":"","overlay-color":"","overlay-gradient":""},"mobile":{"background-color":"var(--ast-global-color-5)","background-image":"","background-repeat":"repeat","background-position":"center center","background-size":"auto","background-attachment":"scroll","background-type":"","background-media":"","overlay-type":"","overlay-color":"","overlay-gradient":""}}},"product_cat":[20],"product_tag":[],"class_list":{"0":"post-190","1":"product","2":"type-product","3":"status-publish","4":"has-post-thumbnail","6":"product_cat-oracles","7":"desktop-align-left","8":"tablet-align-left","9":"mobile-align-left","11":"first","12":"outofstock","13":"shipping-taxable","14":"purchasable","15":"product-type-simple"},"yoast_head":"<!-- This site is optimized with the Yoast SEO plugin v22.8 - https:\/\/yoast.com\/wordpress\/plugins\/seo\/ -->\n<title>Le jeu de &quot;32&quot; de Karen Hervo<\/title>\n<meta name=\"description\" content=\"une r\u00e9invention du classique jeu de 32 cartes. Avec des illustrations personnelles riches en symbolisme et en d\u00e9tails.\" \/>\n<meta name=\"robots\" content=\"index, follow, max-snippet:-1, max-image-preview:large, max-video-preview:-1\" \/>\n<link rel=\"canonical\" href=\"https:\/\/lesoraclesk.com\/index.php\/produit\/le-jeu-de-32-de-karen-hervo\/\" \/>\n<meta property=\"og:locale\" content=\"fr_FR\" \/>\n<meta property=\"og:type\" content=\"article\" \/>\n<meta property=\"og:title\" content=\"Le jeu de &quot;32&quot; de Karen Hervo\" \/>\n<meta property=\"og:description\" content=\"une r\u00e9invention du classique jeu de 32 cartes. Avec des illustrations personnelles riches en symbolisme et en d\u00e9tails.\" \/>\n<meta property=\"og:url\" content=\"https:\/\/lesoraclesk.com\/index.php\/produit\/le-jeu-de-32-de-karen-hervo\/\" \/>\n<meta property=\"article:modified_time\" content=\"2025-06-12T15:51:57+00:00\" \/>\n<meta property=\"og:image\" content=\"http:\/\/lesoraclesk.com\/wp-content\/uploads\/2024\/05\/32-2-scaled.jpg\" \/>\n\t<meta property=\"og:image:width\" content=\"2560\" \/>\n\t<meta property=\"og:image:height\" content=\"1920\" \/>\n\t<meta property=\"og:image:type\" content=\"image\/jpeg\" \/>\n<meta name=\"twitter:card\" content=\"summary_large_image\" \/>\n<meta name=\"twitter:label1\" content=\"Dur\u00e9e de lecture estim\u00e9e\" \/>\n\t<meta name=\"twitter:data1\" content=\"1 minute\" \/>\n<script type=\"application\/ld+json\" class=\"yoast-schema-graph\">{\"@context\":\"https:\/\/schema.org\",\"@graph\":[{\"@type\":\"WebPage\",\"@id\":\"https:\/\/lesoraclesk.com\/index.php\/produit\/le-jeu-de-32-de-karen-hervo\/\",\"url\":\"https:\/\/lesoraclesk.com\/index.php\/produit\/le-jeu-de-32-de-karen-hervo\/\",\"name\":\"Le jeu de \\\"32\\\" de Karen Hervo\",\"isPartOf\":{\"@id\":\"https:\/\/lesoraclesk.com\/#website\"},\"primaryImageOfPage\":{\"@id\":\"https:\/\/lesoraclesk.com\/index.php\/produit\/le-jeu-de-32-de-karen-hervo\/#primaryimage\"},\"image\":{\"@id\":\"https:\/\/lesoraclesk.com\/index.php\/produit\/le-jeu-de-32-de-karen-hervo\/#primaryimage\"},\"thumbnailUrl\":\"https:\/\/lesoraclesk.com\/wp-content\/uploads\/2024\/05\/32-2-scaled.jpg\",\"datePublished\":\"2024-05-17T14:49:01+00:00\",\"dateModified\":\"2025-06-12T15:51:57+00:00\",\"description\":\"une r\u00e9invention du classique jeu de 32 cartes. Avec des illustrations personnelles riches en symbolisme et en d\u00e9tails.\",\"breadcrumb\":{\"@id\":\"https:\/\/lesoraclesk.com\/index.php\/produit\/le-jeu-de-32-de-karen-hervo\/#breadcrumb\"},\"inLanguage\":\"fr-FR\",\"potentialAction\":[{\"@type\":\"ReadAction\",\"target\":[\"https:\/\/lesoraclesk.com\/index.php\/produit\/le-jeu-de-32-de-karen-hervo\/\"]}]},{\"@type\":\"ImageObject\",\"inLanguage\":\"fr-FR\",\"@id\":\"https:\/\/lesoraclesk.com\/index.php\/produit\/le-jeu-de-32-de-karen-hervo\/#primaryimage\",\"url\":\"https:\/\/lesoraclesk.com\/wp-content\/uploads\/2024\/05\/32-2-scaled.jpg\",\"contentUrl\":\"https:\/\/lesoraclesk.com\/wp-content\/uploads\/2024\/05\/32-2-scaled.jpg\",\"width\":2560,\"height\":1920,\"caption\":\"le \\\"32\\\" de Karen Hervo\"},{\"@type\":\"BreadcrumbList\",\"@id\":\"https:\/\/lesoraclesk.com\/index.php\/produit\/le-jeu-de-32-de-karen-hervo\/#breadcrumb\",\"itemListElement\":[{\"@type\":\"ListItem\",\"position\":1,\"name\":\"Accueil\",\"item\":\"https:\/\/lesoraclesk.com\/\"},{\"@type\":\"ListItem\",\"position\":2,\"name\":\"Boutique\",\"item\":\"https:\/\/lesoraclesk.com\/index.php\/boutique-les-oracles-k\/\"},{\"@type\":\"ListItem\",\"position\":3,\"name\":\"Le jeu de 32\"}]},{\"@type\":\"WebSite\",\"@id\":\"https:\/\/lesoraclesk.com\/#website\",\"url\":\"https:\/\/lesoraclesk.com\/\",\"name\":\"\",\"description\":\"Cr\u00e9atrice d&#039;oracles\",\"potentialAction\":[{\"@type\":\"SearchAction\",\"target\":{\"@type\":\"EntryPoint\",\"urlTemplate\":\"https:\/\/lesoraclesk.com\/?s={search_term_string}\"},\"query-input\":\"required name=search_term_string\"}],\"inLanguage\":\"fr-FR\"}]}<\/script>\n<!-- \/ Yoast SEO plugin. -->","yoast_head_json":{"title":"Le jeu de \"32\" de Karen Hervo","description":"une r\u00e9invention du classique jeu de 32 cartes. Avec des illustrations personnelles riches en symbolisme et en d\u00e9tails.","robots":{"index":"index","follow":"follow","max-snippet":"max-snippet:-1","max-image-preview":"max-image-preview:large","max-video-preview":"max-video-preview:-1"},"canonical":"https:\/\/lesoraclesk.com\/index.php\/produit\/le-jeu-de-32-de-karen-hervo\/","og_locale":"fr_FR","og_type":"article","og_title":"Le jeu de \"32\" de Karen Hervo","og_description":"une r\u00e9invention du classique jeu de 32 cartes. Avec des illustrations personnelles riches en symbolisme et en d\u00e9tails.","og_url":"https:\/\/lesoraclesk.com\/index.php\/produit\/le-jeu-de-32-de-karen-hervo\/","article_modified_time":"2025-06-12T15:51:57+00:00","og_image":[{"width":2560,"height":1920,"url":"http:\/\/lesoraclesk.com\/wp-content\/uploads\/2024\/05\/32-2-scaled.jpg","type":"image\/jpeg"}],"twitter_card":"summary_large_image","twitter_misc":{"Dur\u00e9e de lecture estim\u00e9e":"1 minute"},"schema":{"@context":"https:\/\/schema.org","@graph":[{"@type":"WebPage","@id":"https:\/\/lesoraclesk.com\/index.php\/produit\/le-jeu-de-32-de-karen-hervo\/","url":"https:\/\/lesoraclesk.com\/index.php\/produit\/le-jeu-de-32-de-karen-hervo\/","name":"Le jeu de \"32\" de Karen Hervo","isPartOf":{"@id":"https:\/\/lesoraclesk.com\/#website"},"primaryImageOfPage":{"@id":"https:\/\/lesoraclesk.com\/index.php\/produit\/le-jeu-de-32-de-karen-hervo\/#primaryimage"},"image":{"@id":"https:\/\/lesoraclesk.com\/index.php\/produit\/le-jeu-de-32-de-karen-hervo\/#primaryimage"},"thumbnailUrl":"https:\/\/lesoraclesk.com\/wp-content\/uploads\/2024\/05\/32-2-scaled.jpg","datePublished":"2024-05-17T14:49:01+00:00","dateModified":"2025-06-12T15:51:57+00:00","description":"une r\u00e9invention du classique jeu de 32 cartes. Avec des illustrations personnelles riches en symbolisme et en d\u00e9tails.","breadcrumb":{"@id":"https:\/\/lesoraclesk.com\/index.php\/produit\/le-jeu-de-32-de-karen-hervo\/#breadcrumb"},"inLanguage":"fr-FR","potentialAction":[{"@type":"ReadAction","target":["https:\/\/lesoraclesk.com\/index.php\/produit\/le-jeu-de-32-de-karen-hervo\/"]}]},{"@type":"ImageObject","inLanguage":"fr-FR","@id":"https:\/\/lesoraclesk.com\/index.php\/produit\/le-jeu-de-32-de-karen-hervo\/#primaryimage","url":"https:\/\/lesoraclesk.com\/wp-content\/uploads\/2024\/05\/32-2-scaled.jpg","contentUrl":"https:\/\/lesoraclesk.com\/wp-content\/uploads\/2024\/05\/32-2-scaled.jpg","width":2560,"height":1920,"caption":"le \"32\" de Karen Hervo"},{"@type":"BreadcrumbList","@id":"https:\/\/lesoraclesk.com\/index.php\/produit\/le-jeu-de-32-de-karen-hervo\/#breadcrumb","itemListElement":[{"@type":"ListItem","position":1,"name":"Accueil","item":"https:\/\/lesoraclesk.com\/"},{"@type":"ListItem","position":2,"name":"Boutique","item":"https:\/\/lesoraclesk.com\/index.php\/boutique-les-oracles-k\/"},{"@type":"ListItem","position":3,"name":"Le jeu de 32"}]},{"@type":"WebSite","@id":"https:\/\/lesoraclesk.com\/#website","url":"https:\/\/lesoraclesk.com\/","name":"","description":"Cr\u00e9atrice d&#039;oracles","potentialAction":[{"@type":"SearchAction","target":{"@type":"EntryPoint","urlTemplate":"https:\/\/lesoraclesk.com\/?s={search_term_string}"},"query-input":"required name=search_term_string"}],"inLanguage":"fr-FR"}]}},"jetpack_sharing_enabled":true,"_links":{"self":[{"href":"https:\/\/lesoraclesk.com\/index.php\/wp-json\/wp\/v2\/product\/190","targetHints":{"allow":["GET"]}}],"collection":[{"href":"https:\/\/lesoraclesk.com\/index.php\/wp-json\/wp\/v2\/product"}],"about":[{"href":"https:\/\/lesoraclesk.com\/index.php\/wp-json\/wp\/v2\/types\/product"}],"replies":[{"embeddable":true,"href":"https:\/\/lesoraclesk.com\/index.php\/wp-json\/wp\/v2\/comments?post=190"}],"version-history":[{"count":1,"href":"https:\/\/lesoraclesk.com\/index.php\/wp-json\/wp\/v2\/product\/190\/revisions"}],"predecessor-version":[{"id":192,"href":"https:\/\/lesoraclesk.com\/index.php\/wp-json\/wp\/v2\/product\/190\/revisions\/192"}],"wp:featuredmedia":[{"embeddable":true,"href":"https:\/\/lesoraclesk.com\/index.php\/wp-json\/wp\/v2\/media\/191"}],"wp:attachment":[{"href":"https:\/\/lesoraclesk.com\/index.php\/wp-json\/wp\/v2\/media?parent=190"}],"wp:term":[{"taxonomy":"product_cat","embeddable":true,"href":"https:\/\/lesoraclesk.com\/index.php\/wp-json\/wp\/v2\/product_cat?post=190"},{"taxonomy":"product_tag","embeddable":true,"href":"https:\/\/lesoraclesk.com\/index.php\/wp-json\/wp\/v2\/product_tag?post=190"}],"curies":[{"name":"wp","href":"https:\/\/api.w.org\/{rel}","templated":true}]}}