{"id":181,"date":"2024-05-17T16:11:22","date_gmt":"2024-05-17T14:11:22","guid":{"rendered":"https:\/\/lesoraclesk.com\/?post_type=product&#038;p=181"},"modified":"2026-01-07T19:43:53","modified_gmt":"2026-01-07T18:43:53","slug":"petit-belline","status":"publish","type":"product","link":"https:\/\/lesoraclesk.com\/index.php\/produit\/petit-belline\/","title":{"rendered":"Petit Belline"},"content":{"rendered":"<p>Cette r\u00e9interpr\u00e9tation du c\u00e9l\u00e8bre jeu Belline marie l&#8217;essence intemporelle des arts divinatoires avec des illustrations uniques et captivantes, toutes r\u00e9alis\u00e9es avec passion et cr\u00e9ativit\u00e9. Chaque carte de cet oracle a \u00e9t\u00e9 soigneusement con\u00e7ue pour vous transporter dans un univers empreint de douceur et de myst\u00e8re, o\u00f9 chaque image raconte une histoire et chaque symbole r\u00e9sonne avec votre \u00e2me. Avec des mots-cl\u00e9s soigneusement int\u00e9gr\u00e9s comme la &#8220;guidance personnalis\u00e9e&#8221;, &#8220;l&#8217;inspiration intuitive&#8221; et &#8220;l&#8217;\u00e9quilibre int\u00e9rieur&#8221;, cet oracle est con\u00e7u pour vous accompagner dans toutes les facettes de votre vie, que ce soit pour trouver la clart\u00e9 dans les moments de doute, pour encourager la cr\u00e9ativit\u00e9 dans vos projets, ou pour nourrir votre bien-\u00eatre \u00e9motionnel et spirituel.<\/p>\n<p>Format 80&#215;80 mm livr\u00e9 dans son \u00e9tui.<\/p>\n","protected":false},"excerpt":{"rendered":"<p>Le Petit Belline, format 80&#215;80 mm livr\u00e9 dans son \u00e9tui.<\/p>\n","protected":false},"featured_media":182,"comment_status":"open","ping_status":"closed","template":"","meta":{"site-sidebar-layout":"default","site-content-layout":"","ast-site-content-layout":"default","site-content-style":"default","site-sidebar-style":"default","ast-global-header-display":"","ast-banner-title-visibility":"","ast-main-header-display":"","ast-hfb-above-header-display":"","ast-hfb-below-header-display":"","ast-hfb-mobile-header-display":"","site-post-title":"","ast-breadcrumbs-content":"","ast-featured-img":"","footer-sml-layout":"","theme-transparent-header-meta":"default","adv-header-id-meta":"","stick-header-meta":"","header-above-stick-meta":"","header-main-stick-meta":"","header-below-stick-meta":"","astra-migrate-meta-layouts":"set","ast-page-background-enabled":"default","ast-page-background-meta":{"desktop":{"background-color":"var(--ast-global-color-4)","background-image":"","background-repeat":"repeat","background-position":"center center","background-size":"auto","background-attachment":"scroll","background-type":"","background-media":"","overlay-type":"","overlay-color":"","overlay-gradient":""},"tablet":{"background-color":"","background-image":"","background-repeat":"repeat","background-position":"center center","background-size":"auto","background-attachment":"scroll","background-type":"","background-media":"","overlay-type":"","overlay-color":"","overlay-gradient":""},"mobile":{"background-color":"","background-image":"","background-repeat":"repeat","background-position":"center center","background-size":"auto","background-attachment":"scroll","background-type":"","background-media":"","overlay-type":"","overlay-color":"","overlay-gradient":""}},"ast-content-background-meta":{"desktop":{"background-color":"var(--ast-global-color-5)","background-image":"","background-repeat":"repeat","background-position":"center center","background-size":"auto","background-attachment":"scroll","background-type":"","background-media":"","overlay-type":"","overlay-color":"","overlay-gradient":""},"tablet":{"background-color":"var(--ast-global-color-5)","background-image":"","background-repeat":"repeat","background-position":"center center","background-size":"auto","background-attachment":"scroll","background-type":"","background-media":"","overlay-type":"","overlay-color":"","overlay-gradient":""},"mobile":{"background-color":"var(--ast-global-color-5)","background-image":"","background-repeat":"repeat","background-position":"center center","background-size":"auto","background-attachment":"scroll","background-type":"","background-media":"","overlay-type":"","overlay-color":"","overlay-gradient":""}}},"product_cat":[20],"product_tag":[],"class_list":{"0":"post-181","1":"product","2":"type-product","3":"status-publish","4":"has-post-thumbnail","6":"product_cat-oracles","7":"desktop-align-left","8":"tablet-align-left","9":"mobile-align-left","11":"first","12":"instock","13":"shipping-taxable","14":"purchasable","15":"product-type-simple"},"yoast_head":"<!-- This site is optimized with the Yoast SEO plugin v22.8 - https:\/\/yoast.com\/wordpress\/plugins\/seo\/ -->\n<title>Petit Belline de Karen Hervo<\/title>\n<meta name=\"description\" content=\"Cette r\u00e9interpr\u00e9tation du jeu Belline marie l&#039;essence des arts divinatoires avec des illustrations uniques r\u00e9alis\u00e9es avec passion et cr\u00e9ativit\u00e9.\" \/>\n<meta name=\"robots\" content=\"index, follow, max-snippet:-1, max-image-preview:large, max-video-preview:-1\" \/>\n<link rel=\"canonical\" href=\"https:\/\/lesoraclesk.com\/index.php\/produit\/petit-belline\/\" \/>\n<meta property=\"og:locale\" content=\"fr_FR\" \/>\n<meta property=\"og:type\" content=\"article\" \/>\n<meta property=\"og:title\" content=\"Petit Belline de Karen Hervo\" \/>\n<meta property=\"og:description\" content=\"Cette r\u00e9interpr\u00e9tation du jeu Belline marie l&#039;essence des arts divinatoires avec des illustrations uniques r\u00e9alis\u00e9es avec passion et cr\u00e9ativit\u00e9.\" \/>\n<meta property=\"og:url\" content=\"https:\/\/lesoraclesk.com\/index.php\/produit\/petit-belline\/\" \/>\n<meta property=\"article:modified_time\" content=\"2026-01-07T18:43:53+00:00\" \/>\n<meta property=\"og:image\" content=\"http:\/\/lesoraclesk.com\/wp-content\/uploads\/2024\/05\/bell-scaled.jpg\" \/>\n\t<meta property=\"og:image:width\" content=\"2560\" \/>\n\t<meta property=\"og:image:height\" content=\"1806\" \/>\n\t<meta property=\"og:image:type\" content=\"image\/jpeg\" \/>\n<meta name=\"twitter:card\" content=\"summary_large_image\" \/>\n<meta name=\"twitter:label1\" content=\"Dur\u00e9e de lecture estim\u00e9e\" \/>\n\t<meta name=\"twitter:data1\" content=\"1 minute\" \/>\n<script type=\"application\/ld+json\" class=\"yoast-schema-graph\">{\"@context\":\"https:\/\/schema.org\",\"@graph\":[{\"@type\":\"WebPage\",\"@id\":\"https:\/\/lesoraclesk.com\/index.php\/produit\/petit-belline\/\",\"url\":\"https:\/\/lesoraclesk.com\/index.php\/produit\/petit-belline\/\",\"name\":\"Petit Belline de Karen Hervo\",\"isPartOf\":{\"@id\":\"https:\/\/lesoraclesk.com\/#website\"},\"primaryImageOfPage\":{\"@id\":\"https:\/\/lesoraclesk.com\/index.php\/produit\/petit-belline\/#primaryimage\"},\"image\":{\"@id\":\"https:\/\/lesoraclesk.com\/index.php\/produit\/petit-belline\/#primaryimage\"},\"thumbnailUrl\":\"https:\/\/lesoraclesk.com\/wp-content\/uploads\/2024\/05\/bell-scaled.jpg\",\"datePublished\":\"2024-05-17T14:11:22+00:00\",\"dateModified\":\"2026-01-07T18:43:53+00:00\",\"description\":\"Cette r\u00e9interpr\u00e9tation du jeu Belline marie l'essence des arts divinatoires avec des illustrations uniques r\u00e9alis\u00e9es avec passion et cr\u00e9ativit\u00e9.\",\"breadcrumb\":{\"@id\":\"https:\/\/lesoraclesk.com\/index.php\/produit\/petit-belline\/#breadcrumb\"},\"inLanguage\":\"fr-FR\",\"potentialAction\":[{\"@type\":\"ReadAction\",\"target\":[\"https:\/\/lesoraclesk.com\/index.php\/produit\/petit-belline\/\"]}]},{\"@type\":\"ImageObject\",\"inLanguage\":\"fr-FR\",\"@id\":\"https:\/\/lesoraclesk.com\/index.php\/produit\/petit-belline\/#primaryimage\",\"url\":\"https:\/\/lesoraclesk.com\/wp-content\/uploads\/2024\/05\/bell-scaled.jpg\",\"contentUrl\":\"https:\/\/lesoraclesk.com\/wp-content\/uploads\/2024\/05\/bell-scaled.jpg\",\"width\":2560,\"height\":1806,\"caption\":\"Le petit Belline de Karen Hervo\"},{\"@type\":\"BreadcrumbList\",\"@id\":\"https:\/\/lesoraclesk.com\/index.php\/produit\/petit-belline\/#breadcrumb\",\"itemListElement\":[{\"@type\":\"ListItem\",\"position\":1,\"name\":\"Accueil\",\"item\":\"https:\/\/lesoraclesk.com\/\"},{\"@type\":\"ListItem\",\"position\":2,\"name\":\"Boutique\",\"item\":\"https:\/\/lesoraclesk.com\/index.php\/boutique-les-oracles-k\/\"},{\"@type\":\"ListItem\",\"position\":3,\"name\":\"Petit Belline\"}]},{\"@type\":\"WebSite\",\"@id\":\"https:\/\/lesoraclesk.com\/#website\",\"url\":\"https:\/\/lesoraclesk.com\/\",\"name\":\"\",\"description\":\"Cr\u00e9atrice d&#039;oracles\",\"potentialAction\":[{\"@type\":\"SearchAction\",\"target\":{\"@type\":\"EntryPoint\",\"urlTemplate\":\"https:\/\/lesoraclesk.com\/?s={search_term_string}\"},\"query-input\":\"required name=search_term_string\"}],\"inLanguage\":\"fr-FR\"}]}<\/script>\n<!-- \/ Yoast SEO plugin. -->","yoast_head_json":{"title":"Petit Belline de Karen Hervo","description":"Cette r\u00e9interpr\u00e9tation du jeu Belline marie l'essence des arts divinatoires avec des illustrations uniques r\u00e9alis\u00e9es avec passion et cr\u00e9ativit\u00e9.","robots":{"index":"index","follow":"follow","max-snippet":"max-snippet:-1","max-image-preview":"max-image-preview:large","max-video-preview":"max-video-preview:-1"},"canonical":"https:\/\/lesoraclesk.com\/index.php\/produit\/petit-belline\/","og_locale":"fr_FR","og_type":"article","og_title":"Petit Belline de Karen Hervo","og_description":"Cette r\u00e9interpr\u00e9tation du jeu Belline marie l'essence des arts divinatoires avec des illustrations uniques r\u00e9alis\u00e9es avec passion et cr\u00e9ativit\u00e9.","og_url":"https:\/\/lesoraclesk.com\/index.php\/produit\/petit-belline\/","article_modified_time":"2026-01-07T18:43:53+00:00","og_image":[{"width":2560,"height":1806,"url":"http:\/\/lesoraclesk.com\/wp-content\/uploads\/2024\/05\/bell-scaled.jpg","type":"image\/jpeg"}],"twitter_card":"summary_large_image","twitter_misc":{"Dur\u00e9e de lecture estim\u00e9e":"1 minute"},"schema":{"@context":"https:\/\/schema.org","@graph":[{"@type":"WebPage","@id":"https:\/\/lesoraclesk.com\/index.php\/produit\/petit-belline\/","url":"https:\/\/lesoraclesk.com\/index.php\/produit\/petit-belline\/","name":"Petit Belline de Karen Hervo","isPartOf":{"@id":"https:\/\/lesoraclesk.com\/#website"},"primaryImageOfPage":{"@id":"https:\/\/lesoraclesk.com\/index.php\/produit\/petit-belline\/#primaryimage"},"image":{"@id":"https:\/\/lesoraclesk.com\/index.php\/produit\/petit-belline\/#primaryimage"},"thumbnailUrl":"https:\/\/lesoraclesk.com\/wp-content\/uploads\/2024\/05\/bell-scaled.jpg","datePublished":"2024-05-17T14:11:22+00:00","dateModified":"2026-01-07T18:43:53+00:00","description":"Cette r\u00e9interpr\u00e9tation du jeu Belline marie l'essence des arts divinatoires avec des illustrations uniques r\u00e9alis\u00e9es avec passion et cr\u00e9ativit\u00e9.","breadcrumb":{"@id":"https:\/\/lesoraclesk.com\/index.php\/produit\/petit-belline\/#breadcrumb"},"inLanguage":"fr-FR","potentialAction":[{"@type":"ReadAction","target":["https:\/\/lesoraclesk.com\/index.php\/produit\/petit-belline\/"]}]},{"@type":"ImageObject","inLanguage":"fr-FR","@id":"https:\/\/lesoraclesk.com\/index.php\/produit\/petit-belline\/#primaryimage","url":"https:\/\/lesoraclesk.com\/wp-content\/uploads\/2024\/05\/bell-scaled.jpg","contentUrl":"https:\/\/lesoraclesk.com\/wp-content\/uploads\/2024\/05\/bell-scaled.jpg","width":2560,"height":1806,"caption":"Le petit Belline de Karen Hervo"},{"@type":"BreadcrumbList","@id":"https:\/\/lesoraclesk.com\/index.php\/produit\/petit-belline\/#breadcrumb","itemListElement":[{"@type":"ListItem","position":1,"name":"Accueil","item":"https:\/\/lesoraclesk.com\/"},{"@type":"ListItem","position":2,"name":"Boutique","item":"https:\/\/lesoraclesk.com\/index.php\/boutique-les-oracles-k\/"},{"@type":"ListItem","position":3,"name":"Petit Belline"}]},{"@type":"WebSite","@id":"https:\/\/lesoraclesk.com\/#website","url":"https:\/\/lesoraclesk.com\/","name":"","description":"Cr\u00e9atrice d&#039;oracles","potentialAction":[{"@type":"SearchAction","target":{"@type":"EntryPoint","urlTemplate":"https:\/\/lesoraclesk.com\/?s={search_term_string}"},"query-input":"required name=search_term_string"}],"inLanguage":"fr-FR"}]}},"jetpack_sharing_enabled":true,"_links":{"self":[{"href":"https:\/\/lesoraclesk.com\/index.php\/wp-json\/wp\/v2\/product\/181","targetHints":{"allow":["GET"]}}],"collection":[{"href":"https:\/\/lesoraclesk.com\/index.php\/wp-json\/wp\/v2\/product"}],"about":[{"href":"https:\/\/lesoraclesk.com\/index.php\/wp-json\/wp\/v2\/types\/product"}],"replies":[{"embeddable":true,"href":"https:\/\/lesoraclesk.com\/index.php\/wp-json\/wp\/v2\/comments?post=181"}],"version-history":[{"count":1,"href":"https:\/\/lesoraclesk.com\/index.php\/wp-json\/wp\/v2\/product\/181\/revisions"}],"predecessor-version":[{"id":185,"href":"https:\/\/lesoraclesk.com\/index.php\/wp-json\/wp\/v2\/product\/181\/revisions\/185"}],"wp:featuredmedia":[{"embeddable":true,"href":"https:\/\/lesoraclesk.com\/index.php\/wp-json\/wp\/v2\/media\/182"}],"wp:attachment":[{"href":"https:\/\/lesoraclesk.com\/index.php\/wp-json\/wp\/v2\/media?parent=181"}],"wp:term":[{"taxonomy":"product_cat","embeddable":true,"href":"https:\/\/lesoraclesk.com\/index.php\/wp-json\/wp\/v2\/product_cat?post=181"},{"taxonomy":"product_tag","embeddable":true,"href":"https:\/\/lesoraclesk.com\/index.php\/wp-json\/wp\/v2\/product_tag?post=181"}],"curies":[{"name":"wp","href":"https:\/\/api.w.org\/{rel}","templated":true}]}}